{"id":77,"date":"2025-03-16T01:41:11","date_gmt":"2025-03-16T00:41:11","guid":{"rendered":"https:\/\/owdir.pl\/?page_id=77"},"modified":"2025-03-16T02:27:53","modified_gmt":"2025-03-16T01:27:53","slug":"informacje","status":"publish","type":"page","link":"https:\/\/owdir.pl\/?page_id=77","title":{"rendered":"Informacje"},"content":{"rendered":"\n<div class=\"wp-block-group has-global-padding is-layout-constrained wp-block-group-is-layout-constrained\">\n<div class=\"wp-block-group is-vertical is-layout-flex wp-container-core-group-is-layout-fe9cc265 wp-block-group-is-layout-flex\">\n<div class=\"wp-block-group is-vertical is-layout-flex wp-container-core-group-is-layout-fe9cc265 wp-block-group-is-layout-flex\">\n<figure class=\"wp-block-image size-large\"><img loading=\"lazy\" decoding=\"async\" width=\"683\" height=\"1024\" src=\"https:\/\/owdir.pl\/wp-content\/uploads\/2025\/03\/unsplash-image1-683x1024.webp\" alt=\"\" class=\"wp-image-103\" srcset=\"https:\/\/owdir.pl\/wp-content\/uploads\/2025\/03\/unsplash-image1-683x1024.webp 683w, https:\/\/owdir.pl\/wp-content\/uploads\/2025\/03\/unsplash-image1-200x300.webp 200w, https:\/\/owdir.pl\/wp-content\/uploads\/2025\/03\/unsplash-image1.webp 720w\" sizes=\"auto, (max-width: 683px) 100vw, 683px\" \/><\/figure>\n\n\n\n<h3 class=\"wp-block-heading\">Opieka dora\u017ana dla dzieci<\/h3>\n\n\n\n<p>Oferujemy tymczasowe schronienie i opiek\u0119 dla dzieci oddzielonych od rodzin z powodu przemocy, zaniedbania lub trudno\u015bci. Zapewniamy bezpieczne i kochaj\u0105ce \u015brodowisko, \u017cywienie, opiek\u0119 medyczn\u0105 oraz wsparcie psychologiczne.<\/p>\n\n\n\n<hr class=\"wp-block-separator has-alpha-channel-opacity\"\/>\n<\/div>\n\n\n\n<div class=\"wp-block-group is-vertical is-layout-flex wp-container-core-group-is-layout-fe9cc265 wp-block-group-is-layout-flex\">\n<figure class=\"wp-block-image size-large\"><img loading=\"lazy\" decoding=\"async\" width=\"736\" height=\"1024\" src=\"https:\/\/owdir.pl\/wp-content\/uploads\/2025\/03\/unsplash-image2-736x1024.webp\" alt=\"\" class=\"wp-image-102\" srcset=\"https:\/\/owdir.pl\/wp-content\/uploads\/2025\/03\/unsplash-image2-736x1024.webp 736w, https:\/\/owdir.pl\/wp-content\/uploads\/2025\/03\/unsplash-image2-216x300.webp 216w, https:\/\/owdir.pl\/wp-content\/uploads\/2025\/03\/unsplash-image2-768x1068.webp 768w, https:\/\/owdir.pl\/wp-content\/uploads\/2025\/03\/unsplash-image2.webp 776w\" sizes=\"auto, (max-width: 736px) 100vw, 736px\" \/><\/figure>\n\n\n\n<h3 class=\"wp-block-heading\">Programy edukacyjne i terapeutyczne<\/h3>\n\n\n\n<p>Nasze plac\u00f3wki terenowe organizuj\u0105 r\u00f3\u017cnorodne programy edukacyjne, rekreacyjne i terapeutyczne, kt\u00f3re rozwijaj\u0105 umiej\u0119tno\u015bci dzieci i zapewniaj\u0105 wsparcie w ich rozwoju emocjonalnym i spo\u0142ecznym.<\/p>\n\n\n\n<hr class=\"wp-block-separator has-alpha-channel-opacity\"\/>\n<\/div>\n<\/div>\n<\/div>\n\n\n\n<p><\/p>\n","protected":false},"excerpt":{"rendered":"<p>Opieka dora\u017ana dla dzieci Oferujemy tymczasowe schronienie i opiek\u0119 dla dzieci oddzielonych od rodzin z powodu przemocy, zaniedbania lub trudno\u015bci. Zapewniamy bezpieczne i kochaj\u0105ce \u015brodowisko, \u017cywienie, opiek\u0119 medyczn\u0105 oraz wsparcie psychologiczne. Programy edukacyjne i terapeutyczne Nasze plac\u00f3wki terenowe organizuj\u0105 r\u00f3\u017cnorodne programy edukacyjne, rekreacyjne i terapeutyczne, kt\u00f3re rozwijaj\u0105 umiej\u0119tno\u015bci dzieci i zapewniaj\u0105 wsparcie w ich rozwoju [&hellip;]<\/p>\n","protected":false},"author":1,"featured_media":7,"parent":0,"menu_order":0,"comment_status":"closed","ping_status":"closed","template":"","meta":{"footnotes":""},"class_list":["post-77","page","type-page","status-publish","has-post-thumbnail","hentry"],"_links":{"self":[{"href":"https:\/\/owdir.pl\/index.php?rest_route=\/wp\/v2\/pages\/77","targetHints":{"allow":["GET"]}}],"collection":[{"href":"https:\/\/owdir.pl\/index.php?rest_route=\/wp\/v2\/pages"}],"about":[{"href":"https:\/\/owdir.pl\/index.php?rest_route=\/wp\/v2\/types\/page"}],"author":[{"embeddable":true,"href":"https:\/\/owdir.pl\/index.php?rest_route=\/wp\/v2\/users\/1"}],"replies":[{"embeddable":true,"href":"https:\/\/owdir.pl\/index.php?rest_route=%2Fwp%2Fv2%2Fcomments&post=77"}],"version-history":[{"count":10,"href":"https:\/\/owdir.pl\/index.php?rest_route=\/wp\/v2\/pages\/77\/revisions"}],"predecessor-version":[{"id":115,"href":"https:\/\/owdir.pl\/index.php?rest_route=\/wp\/v2\/pages\/77\/revisions\/115"}],"wp:featuredmedia":[{"embeddable":true,"href":"https:\/\/owdir.pl\/index.php?rest_route=\/wp\/v2\/media\/7"}],"wp:attachment":[{"href":"https:\/\/owdir.pl\/index.php?rest_route=%2Fwp%2Fv2%2Fmedia&parent=77"}],"curies":[{"name":"wp","href":"https:\/\/api.w.org\/{rel}","templated":true}]}}